{"id":2325,"date":"2026-02-03T15:37:27","date_gmt":"2026-02-03T18:37:27","guid":{"rendered":"https:\/\/dr2py.com\/casa-nieves\/producto\/producto-2\/"},"modified":"2026-02-05T11:26:01","modified_gmt":"2026-02-05T14:26:01","slug":"producto-2","status":"publish","type":"product","link":"https:\/\/dr2py.com\/casa-nieves\/producto\/producto-2\/","title":{"rendered":"camisa tipo escolar , pantal\u00f3n tipo escolar faja para danza, pa\u00f1oleta"},"content":{"rendered":"<p>camisa escolar pantal\u00f3n escolar faja pa\u00f1oleta sombrero<\/p>\n","protected":false},"excerpt":{"rendered":"<p>camisa escolar pantal\u00f3n escolar faja pa\u00f1oleta sombrero<\/p>\n","protected":false},"featured_media":2323,"template":"","meta":[],"product_brand":[],"product_cat":[15,16,132],"product_tag":[],"class_list":{"0":"post-2325","1":"product","2":"type-product","3":"status-publish","4":"has-post-thumbnail","6":"product_cat-sin-categorizar","7":"product_cat-casa-nieves","8":"product_cat-ninos","10":"first","11":"instock","12":"virtual","13":"purchasable","14":"product-type-simple"},"jetpack_sharing_enabled":true,"_links":{"self":[{"href":"https:\/\/dr2py.com\/casa-nieves\/wp-json\/wp\/v2\/product\/2325","targetHints":{"allow":["GET"]}}],"collection":[{"href":"https:\/\/dr2py.com\/casa-nieves\/wp-json\/wp\/v2\/product"}],"about":[{"href":"https:\/\/dr2py.com\/casa-nieves\/wp-json\/wp\/v2\/types\/product"}],"wp:featuredmedia":[{"embeddable":true,"href":"https:\/\/dr2py.com\/casa-nieves\/wp-json\/wp\/v2\/media\/2323"}],"wp:attachment":[{"href":"https:\/\/dr2py.com\/casa-nieves\/wp-json\/wp\/v2\/media?parent=2325"}],"wp:term":[{"taxonomy":"product_brand","embeddable":true,"href":"https:\/\/dr2py.com\/casa-nieves\/wp-json\/wp\/v2\/product_brand?post=2325"},{"taxonomy":"product_cat","embeddable":true,"href":"https:\/\/dr2py.com\/casa-nieves\/wp-json\/wp\/v2\/product_cat?post=2325"},{"taxonomy":"product_tag","embeddable":true,"href":"https:\/\/dr2py.com\/casa-nieves\/wp-json\/wp\/v2\/product_tag?post=2325"}],"curies":[{"name":"wp","href":"https:\/\/api.w.org\/{rel}","templated":true}]}}