{"id":1876,"date":"2024-05-16T14:51:10","date_gmt":"2024-05-16T17:51:10","guid":{"rendered":"https:\/\/dr2py.com\/casa-nieves\/?post_type=product&#038;p=1876"},"modified":"2026-02-04T11:22:26","modified_gmt":"2026-02-04T14:22:26","slug":"peineta-danzante-elegancia-en-cada-movimiento","status":"publish","type":"product","link":"https:\/\/dr2py.com\/casa-nieves\/producto\/peineta-danzante-elegancia-en-cada-movimiento\/","title":{"rendered":"Peineta"},"content":{"rendered":"<p>Completa el encanto de cada actuaci\u00f3n con nuestra Peineta Danzante. Este complemento indispensable para el cabello, junto con nuestra colecci\u00f3n de flores y aros, crea el juego perfecto de danza para ni\u00f1as. Con un dise\u00f1o delicado y duradero, realza la belleza de cada movimiento, haciendo que cada presentaci\u00f3n sea inolvidable.<\/p>\n","protected":false},"excerpt":{"rendered":"<p>Peineta Danzante: El toque perfecto para el cabello en cada actuaci\u00f3n, completa el juego de danza ideal para ni\u00f1as.<\/p>\n","protected":false},"featured_media":1877,"template":"","meta":[],"product_brand":[],"product_cat":[16,194],"product_tag":[325,347,337,313,348,341,346,345],"class_list":{"0":"post-1876","1":"product","2":"type-product","3":"status-publish","4":"has-post-thumbnail","6":"product_cat-casa-nieves","7":"product_cat-danza","8":"product_tag-accesorio-de-baile","9":"product_tag-accesorios-para-ninas","10":"product_tag-arte-en-movimiento","11":"product_tag-complemento-danza","12":"product_tag-danza-creativa","13":"product_tag-elegancia-en-movimiento","14":"product_tag-estilo-infantil","15":"product_tag-peineta-danza","17":"first","18":"instock","19":"shipping-taxable","20":"purchasable","21":"product-type-simple"},"jetpack_sharing_enabled":true,"_links":{"self":[{"href":"https:\/\/dr2py.com\/casa-nieves\/wp-json\/wp\/v2\/product\/1876","targetHints":{"allow":["GET"]}}],"collection":[{"href":"https:\/\/dr2py.com\/casa-nieves\/wp-json\/wp\/v2\/product"}],"about":[{"href":"https:\/\/dr2py.com\/casa-nieves\/wp-json\/wp\/v2\/types\/product"}],"wp:featuredmedia":[{"embeddable":true,"href":"https:\/\/dr2py.com\/casa-nieves\/wp-json\/wp\/v2\/media\/1877"}],"wp:attachment":[{"href":"https:\/\/dr2py.com\/casa-nieves\/wp-json\/wp\/v2\/media?parent=1876"}],"wp:term":[{"taxonomy":"product_brand","embeddable":true,"href":"https:\/\/dr2py.com\/casa-nieves\/wp-json\/wp\/v2\/product_brand?post=1876"},{"taxonomy":"product_cat","embeddable":true,"href":"https:\/\/dr2py.com\/casa-nieves\/wp-json\/wp\/v2\/product_cat?post=1876"},{"taxonomy":"product_tag","embeddable":true,"href":"https:\/\/dr2py.com\/casa-nieves\/wp-json\/wp\/v2\/product_tag?post=1876"}],"curies":[{"name":"wp","href":"https:\/\/api.w.org\/{rel}","templated":true}]}}