{"id":1313,"date":"2021-12-02T09:15:10","date_gmt":"2021-12-02T12:15:10","guid":{"rendered":"https:\/\/dr2py.com\/casa-nieves\/producto\/poncho-nacional-para-hombres\/"},"modified":"2024-05-21T10:04:43","modified_gmt":"2024-05-21T13:04:43","slug":"poncho-nacional-para-hombres","status":"publish","type":"product","link":"https:\/\/dr2py.com\/casa-nieves\/producto\/poncho-nacional-para-hombres\/","title":{"rendered":"Poncho C\u00e1lido y Colorido para Invierno &#8211; Talles para Ni\u00f1os y Adultos"},"content":{"rendered":"<p>Disfruta del invierno con estilo y confort con nuestros ponchos c\u00e1lidos y coloridos. Perfectos para todas las edades, estos ponchos est\u00e1n disponibles en talles para ni\u00f1os y adultos. Elaborados con materiales de alta calidad, ofrecen una calidez excepcional y un dise\u00f1o vibrante que alegrar\u00e1 los d\u00edas fr\u00edos. \u00a1Haz tu pedido hoy y recibe tu poncho en la puerta de tu casa con nuestro servicio de delivery!<\/p>\n","protected":false},"excerpt":{"rendered":"<p>poncho<\/p>\n","protected":false},"featured_media":2059,"template":"","meta":[],"product_brand":[],"product_cat":[66,16,125,129,132,65],"product_tag":[206,353,360,359,355,136,358,362,354,361,357,356],"class_list":{"0":"post-1313","1":"product","2":"type-product","3":"status-publish","4":"has-post-thumbnail","6":"product_cat-caballeros","7":"product_cat-casa-nieves","8":"product_cat-damas","9":"product_cat-ninas","10":"product_cat-ninos","11":"product_cat-ropas","12":"product_tag-damas","13":"product_tag-disenos-coloridos","14":"product_tag-entrega-a-domicilio","15":"product_tag-invierno-colorido","16":"product_tag-moda-invierno","17":"product_tag-poncho","18":"product_tag-ropa-adultos","19":"product_tag-ropa-caballeros","20":"product_tag-ropa-calida","21":"product_tag-ropa-damas","22":"product_tag-ropa-ninos","23":"product_tag-talles-para-todos","25":"first","26":"instock","27":"shipping-taxable","28":"purchasable","29":"product-type-variable"},"jetpack_sharing_enabled":true,"_links":{"self":[{"href":"https:\/\/dr2py.com\/casa-nieves\/wp-json\/wp\/v2\/product\/1313","targetHints":{"allow":["GET"]}}],"collection":[{"href":"https:\/\/dr2py.com\/casa-nieves\/wp-json\/wp\/v2\/product"}],"about":[{"href":"https:\/\/dr2py.com\/casa-nieves\/wp-json\/wp\/v2\/types\/product"}],"wp:featuredmedia":[{"embeddable":true,"href":"https:\/\/dr2py.com\/casa-nieves\/wp-json\/wp\/v2\/media\/2059"}],"wp:attachment":[{"href":"https:\/\/dr2py.com\/casa-nieves\/wp-json\/wp\/v2\/media?parent=1313"}],"wp:term":[{"taxonomy":"product_brand","embeddable":true,"href":"https:\/\/dr2py.com\/casa-nieves\/wp-json\/wp\/v2\/product_brand?post=1313"},{"taxonomy":"product_cat","embeddable":true,"href":"https:\/\/dr2py.com\/casa-nieves\/wp-json\/wp\/v2\/product_cat?post=1313"},{"taxonomy":"product_tag","embeddable":true,"href":"https:\/\/dr2py.com\/casa-nieves\/wp-json\/wp\/v2\/product_tag?post=1313"}],"curies":[{"name":"wp","href":"https:\/\/api.w.org\/{rel}","templated":true}]}}