{"id":1178,"date":"2021-11-29T12:39:07","date_gmt":"2021-11-29T15:39:07","guid":{"rendered":"https:\/\/dr2py.com\/casa-nieves\/producto\/mono-grande\/"},"modified":"2026-02-03T14:19:54","modified_gmt":"2026-02-03T17:19:54","slug":"mono-grande","status":"publish","type":"product","link":"https:\/\/dr2py.com\/casa-nieves\/producto\/mono-grande\/","title":{"rendered":"mo\u00f1o grande"},"content":{"rendered":"<p>mo\u00f1o de tela, colores primarios, tama\u00f1o geande, para ni\u00f1as.<\/p>\n","protected":false},"excerpt":{"rendered":"<p>mo\u00f1o colores primarios g.<\/p>\n","protected":false},"featured_media":1177,"template":"","meta":[],"product_brand":[],"product_cat":[16],"product_tag":[31,40,21,41,42],"class_list":{"0":"post-1178","1":"product","2":"type-product","3":"status-publish","4":"has-post-thumbnail","6":"product_cat-casa-nieves","7":"product_tag-amarillo","8":"product_tag-azul","9":"product_tag-mono","10":"product_tag-rojo","11":"product_tag-verde","13":"first","14":"outofstock","15":"shipping-taxable","16":"purchasable","17":"product-type-simple"},"jetpack_sharing_enabled":true,"_links":{"self":[{"href":"https:\/\/dr2py.com\/casa-nieves\/wp-json\/wp\/v2\/product\/1178","targetHints":{"allow":["GET"]}}],"collection":[{"href":"https:\/\/dr2py.com\/casa-nieves\/wp-json\/wp\/v2\/product"}],"about":[{"href":"https:\/\/dr2py.com\/casa-nieves\/wp-json\/wp\/v2\/types\/product"}],"wp:featuredmedia":[{"embeddable":true,"href":"https:\/\/dr2py.com\/casa-nieves\/wp-json\/wp\/v2\/media\/1177"}],"wp:attachment":[{"href":"https:\/\/dr2py.com\/casa-nieves\/wp-json\/wp\/v2\/media?parent=1178"}],"wp:term":[{"taxonomy":"product_brand","embeddable":true,"href":"https:\/\/dr2py.com\/casa-nieves\/wp-json\/wp\/v2\/product_brand?post=1178"},{"taxonomy":"product_cat","embeddable":true,"href":"https:\/\/dr2py.com\/casa-nieves\/wp-json\/wp\/v2\/product_cat?post=1178"},{"taxonomy":"product_tag","embeddable":true,"href":"https:\/\/dr2py.com\/casa-nieves\/wp-json\/wp\/v2\/product_tag?post=1178"}],"curies":[{"name":"wp","href":"https:\/\/api.w.org\/{rel}","templated":true}]}}