{"id":1176,"date":"2021-11-29T12:39:06","date_gmt":"2021-11-29T15:39:06","guid":{"rendered":"https:\/\/dr2py.com\/casa-nieves\/producto\/mono-fuccia-m\/"},"modified":"2026-02-03T14:19:54","modified_gmt":"2026-02-03T17:19:54","slug":"mono-fuccia-m","status":"publish","type":"product","link":"https:\/\/dr2py.com\/casa-nieves\/producto\/mono-fuccia-m\/","title":{"rendered":"mo\u00f1o fuccia m"},"content":{"rendered":"<p>mo\u00f1o de tela fuccia liso, mediano, para ni\u00f1as de todas las edades.<\/p>\n","protected":false},"excerpt":{"rendered":"<p>mo\u00f1o fuccia liso m.<\/p>\n","protected":false},"featured_media":0,"template":"","meta":[],"product_brand":[],"product_cat":[16],"product_tag":[21],"class_list":{"0":"post-1176","1":"product","2":"type-product","3":"status-publish","5":"product_cat-casa-nieves","6":"product_tag-mono","8":"first","9":"outofstock","10":"shipping-taxable","11":"purchasable","12":"product-type-simple"},"jetpack_sharing_enabled":true,"_links":{"self":[{"href":"https:\/\/dr2py.com\/casa-nieves\/wp-json\/wp\/v2\/product\/1176","targetHints":{"allow":["GET"]}}],"collection":[{"href":"https:\/\/dr2py.com\/casa-nieves\/wp-json\/wp\/v2\/product"}],"about":[{"href":"https:\/\/dr2py.com\/casa-nieves\/wp-json\/wp\/v2\/types\/product"}],"wp:attachment":[{"href":"https:\/\/dr2py.com\/casa-nieves\/wp-json\/wp\/v2\/media?parent=1176"}],"wp:term":[{"taxonomy":"product_brand","embeddable":true,"href":"https:\/\/dr2py.com\/casa-nieves\/wp-json\/wp\/v2\/product_brand?post=1176"},{"taxonomy":"product_cat","embeddable":true,"href":"https:\/\/dr2py.com\/casa-nieves\/wp-json\/wp\/v2\/product_cat?post=1176"},{"taxonomy":"product_tag","embeddable":true,"href":"https:\/\/dr2py.com\/casa-nieves\/wp-json\/wp\/v2\/product_tag?post=1176"}],"curies":[{"name":"wp","href":"https:\/\/api.w.org\/{rel}","templated":true}]}}