{"id":1175,"date":"2021-11-29T12:39:05","date_gmt":"2021-11-29T15:39:05","guid":{"rendered":"https:\/\/dr2py.com\/casa-nieves\/producto\/mono-rojo-g\/"},"modified":"2026-02-03T14:19:54","modified_gmt":"2026-02-03T17:19:54","slug":"mono-rojo-g","status":"publish","type":"product","link":"https:\/\/dr2py.com\/casa-nieves\/producto\/mono-rojo-g\/","title":{"rendered":"mo\u00f1o rojo g"},"content":{"rendered":"<p>mo\u00f1o de tela rojo liso, grande, para ni\u00f1as de todas las edades.<\/p>\n","protected":false},"excerpt":{"rendered":"<p>mo\u00f1o rojo liso g.<\/p>\n","protected":false},"featured_media":1174,"template":"","meta":[],"product_brand":[],"product_cat":[16],"product_tag":[21],"class_list":{"0":"post-1175","1":"product","2":"type-product","3":"status-publish","4":"has-post-thumbnail","6":"product_cat-casa-nieves","7":"product_tag-mono","9":"first","10":"outofstock","11":"shipping-taxable","12":"purchasable","13":"product-type-simple"},"jetpack_sharing_enabled":true,"_links":{"self":[{"href":"https:\/\/dr2py.com\/casa-nieves\/wp-json\/wp\/v2\/product\/1175","targetHints":{"allow":["GET"]}}],"collection":[{"href":"https:\/\/dr2py.com\/casa-nieves\/wp-json\/wp\/v2\/product"}],"about":[{"href":"https:\/\/dr2py.com\/casa-nieves\/wp-json\/wp\/v2\/types\/product"}],"wp:featuredmedia":[{"embeddable":true,"href":"https:\/\/dr2py.com\/casa-nieves\/wp-json\/wp\/v2\/media\/1174"}],"wp:attachment":[{"href":"https:\/\/dr2py.com\/casa-nieves\/wp-json\/wp\/v2\/media?parent=1175"}],"wp:term":[{"taxonomy":"product_brand","embeddable":true,"href":"https:\/\/dr2py.com\/casa-nieves\/wp-json\/wp\/v2\/product_brand?post=1175"},{"taxonomy":"product_cat","embeddable":true,"href":"https:\/\/dr2py.com\/casa-nieves\/wp-json\/wp\/v2\/product_cat?post=1175"},{"taxonomy":"product_tag","embeddable":true,"href":"https:\/\/dr2py.com\/casa-nieves\/wp-json\/wp\/v2\/product_tag?post=1175"}],"curies":[{"name":"wp","href":"https:\/\/api.w.org\/{rel}","templated":true}]}}