{"id":1134,"date":"2021-11-29T12:27:03","date_gmt":"2021-11-29T15:27:03","guid":{"rendered":"https:\/\/dr2py.com\/casa-nieves\/producto\/mono-mariposa-m\/"},"modified":"2026-02-03T14:19:54","modified_gmt":"2026-02-03T17:19:54","slug":"mono-mariposa-m","status":"publish","type":"product","link":"https:\/\/dr2py.com\/casa-nieves\/producto\/mono-mariposa-m\/","title":{"rendered":"mo\u00f1o mariposa m"},"content":{"rendered":"<p>mo\u00f1o blanco con dise\u00f1o de mariposas, mediano, un par.<\/p>\n","protected":false},"excerpt":{"rendered":"<p>mo\u00f1o mariposas blanco m.<\/p>\n","protected":false},"featured_media":1133,"template":"","meta":[],"product_brand":[],"product_cat":[16],"product_tag":[20,21],"class_list":{"0":"post-1134","1":"product","2":"type-product","3":"status-publish","4":"has-post-thumbnail","6":"product_cat-casa-nieves","7":"product_tag-mediano","8":"product_tag-mono","10":"first","11":"outofstock","12":"shipping-taxable","13":"purchasable","14":"product-type-simple"},"jetpack_sharing_enabled":true,"_links":{"self":[{"href":"https:\/\/dr2py.com\/casa-nieves\/wp-json\/wp\/v2\/product\/1134","targetHints":{"allow":["GET"]}}],"collection":[{"href":"https:\/\/dr2py.com\/casa-nieves\/wp-json\/wp\/v2\/product"}],"about":[{"href":"https:\/\/dr2py.com\/casa-nieves\/wp-json\/wp\/v2\/types\/product"}],"wp:featuredmedia":[{"embeddable":true,"href":"https:\/\/dr2py.com\/casa-nieves\/wp-json\/wp\/v2\/media\/1133"}],"wp:attachment":[{"href":"https:\/\/dr2py.com\/casa-nieves\/wp-json\/wp\/v2\/media?parent=1134"}],"wp:term":[{"taxonomy":"product_brand","embeddable":true,"href":"https:\/\/dr2py.com\/casa-nieves\/wp-json\/wp\/v2\/product_brand?post=1134"},{"taxonomy":"product_cat","embeddable":true,"href":"https:\/\/dr2py.com\/casa-nieves\/wp-json\/wp\/v2\/product_cat?post=1134"},{"taxonomy":"product_tag","embeddable":true,"href":"https:\/\/dr2py.com\/casa-nieves\/wp-json\/wp\/v2\/product_tag?post=1134"}],"curies":[{"name":"wp","href":"https:\/\/api.w.org\/{rel}","templated":true}]}}