{"id":1062,"date":"2021-11-29T11:55:14","date_gmt":"2021-11-29T14:55:14","guid":{"rendered":"https:\/\/dr2py.com\/casa-nieves\/producto\/vincha-negra-mono-coral\/"},"modified":"2021-12-04T12:02:35","modified_gmt":"2021-12-04T15:02:35","slug":"vincha-negra-mono-coral","status":"publish","type":"product","link":"https:\/\/dr2py.com\/casa-nieves\/producto\/vincha-negra-mono-coral\/","title":{"rendered":"vincha negra mo\u00f1o coral"},"content":{"rendered":"<p>vincha negra con mo\u00f1o decorativo peque\u00f1o coral con motas blancas para ni\u00f1as de todas las edades.<\/p>\n","protected":false},"excerpt":{"rendered":"<p>vincha negra mo\u00f1o coral motas p.<\/p>\n","protected":false},"featured_media":0,"template":"","meta":[],"product_brand":[],"product_cat":[16],"product_tag":[32,21,33,47],"class_list":{"0":"post-1062","1":"product","2":"type-product","3":"status-publish","5":"product_cat-casa-nieves","6":"product_tag-coral","7":"product_tag-mono","8":"product_tag-motas","9":"product_tag-vincha","11":"first","12":"instock","13":"shipping-taxable","14":"purchasable","15":"product-type-simple"},"jetpack_sharing_enabled":true,"_links":{"self":[{"href":"https:\/\/dr2py.com\/casa-nieves\/wp-json\/wp\/v2\/product\/1062","targetHints":{"allow":["GET"]}}],"collection":[{"href":"https:\/\/dr2py.com\/casa-nieves\/wp-json\/wp\/v2\/product"}],"about":[{"href":"https:\/\/dr2py.com\/casa-nieves\/wp-json\/wp\/v2\/types\/product"}],"wp:attachment":[{"href":"https:\/\/dr2py.com\/casa-nieves\/wp-json\/wp\/v2\/media?parent=1062"}],"wp:term":[{"taxonomy":"product_brand","embeddable":true,"href":"https:\/\/dr2py.com\/casa-nieves\/wp-json\/wp\/v2\/product_brand?post=1062"},{"taxonomy":"product_cat","embeddable":true,"href":"https:\/\/dr2py.com\/casa-nieves\/wp-json\/wp\/v2\/product_cat?post=1062"},{"taxonomy":"product_tag","embeddable":true,"href":"https:\/\/dr2py.com\/casa-nieves\/wp-json\/wp\/v2\/product_tag?post=1062"}],"curies":[{"name":"wp","href":"https:\/\/api.w.org\/{rel}","templated":true}]}}