{"id":1061,"date":"2021-11-29T11:55:14","date_gmt":"2021-11-29T14:55:14","guid":{"rendered":"https:\/\/dr2py.com\/casa-nieves\/producto\/vincha-negra-mono-princesas\/"},"modified":"2021-12-04T12:02:35","modified_gmt":"2021-12-04T15:02:35","slug":"vincha-negra-mono-princesas","status":"publish","type":"product","link":"https:\/\/dr2py.com\/casa-nieves\/producto\/vincha-negra-mono-princesas\/","title":{"rendered":"vincha negra mo\u00f1o princesas"},"content":{"rendered":"<p>vincha negra con mo\u00f1o decorativo rosado de princesas para ni\u00f1as de todas las edades.<\/p>\n","protected":false},"excerpt":{"rendered":"<p>vincha negra mo\u00f1o rosa princesas.<\/p>\n","protected":false},"featured_media":0,"template":"","meta":[],"product_brand":[],"product_cat":[16],"product_tag":[21,46,47],"class_list":{"0":"post-1061","1":"product","2":"type-product","3":"status-publish","5":"product_cat-casa-nieves","6":"product_tag-mono","7":"product_tag-princesas","8":"product_tag-vincha","10":"first","11":"instock","12":"shipping-taxable","13":"purchasable","14":"product-type-simple"},"jetpack_sharing_enabled":true,"_links":{"self":[{"href":"https:\/\/dr2py.com\/casa-nieves\/wp-json\/wp\/v2\/product\/1061","targetHints":{"allow":["GET"]}}],"collection":[{"href":"https:\/\/dr2py.com\/casa-nieves\/wp-json\/wp\/v2\/product"}],"about":[{"href":"https:\/\/dr2py.com\/casa-nieves\/wp-json\/wp\/v2\/types\/product"}],"wp:attachment":[{"href":"https:\/\/dr2py.com\/casa-nieves\/wp-json\/wp\/v2\/media?parent=1061"}],"wp:term":[{"taxonomy":"product_brand","embeddable":true,"href":"https:\/\/dr2py.com\/casa-nieves\/wp-json\/wp\/v2\/product_brand?post=1061"},{"taxonomy":"product_cat","embeddable":true,"href":"https:\/\/dr2py.com\/casa-nieves\/wp-json\/wp\/v2\/product_cat?post=1061"},{"taxonomy":"product_tag","embeddable":true,"href":"https:\/\/dr2py.com\/casa-nieves\/wp-json\/wp\/v2\/product_tag?post=1061"}],"curies":[{"name":"wp","href":"https:\/\/api.w.org\/{rel}","templated":true}]}}